{"id":2647,"date":"2023-12-11T12:57:50","date_gmt":"2023-12-11T11:57:50","guid":{"rendered":"https:\/\/sarrigurenip.educacion.navarra.es\/web\/?page_id=2647"},"modified":"2024-09-27T12:12:06","modified_gmt":"2024-09-27T10:12:06","slug":"nuevas-altas-y-bajas","status":"publish","type":"page","link":"https:\/\/sarrigurenip.educacion.navarra.es\/web\/es\/nuevas-altas-y-bajas\/","title":{"rendered":"Nuevas altas y bajas"},"content":{"rendered":"\n<p>El centro organiza actividades extraescolares desde octubre hasta mayo todos los d\u00edas de la semana excepto los viernes. Estas actividades son gratuitas y las imparte el profesorado del centro.<\/p>\n\n\n\n<p>Todos los a\u00f1os se abre el plazo de matr\u00edcula a principios de septiembre. Despu\u00e9s, a partir de octubre, los \u00faltimos 5 d\u00edas de cada mes se vuelve a abrir el plazo para nuevas altas y bajas.<br>NUEVAS ALTAS O BAJAS: <a href=\"https:\/\/forms.gle\/yiuHERGNgVrXe43f9\">https:\/\/forms.gle\/yiuHERGNgVrXe43f9<\/a><\/p>\n","protected":false},"excerpt":{"rendered":"<p>El centro organiza actividades extraescolares desde octubre hasta mayo todos los d\u00edas de la semana excepto los viernes. Estas actividades son gratuitas y las imparte el profesorado del centro. Todos los a\u00f1os se abre el plazo de matr\u00edcula a principios de septiembre. Despu\u00e9s, a partir de octubre, los \u00faltimos 5 d\u00edas de cada mes se [&hellip;]<\/p>\n","protected":false},"author":1,"featured_media":0,"parent":0,"menu_order":0,"comment_status":"closed","ping_status":"closed","template":"","meta":{"_genesis_hide_title":false,"_genesis_hide_breadcrumbs":false,"_genesis_hide_singular_image":false,"_genesis_hide_footer_widgets":false,"_genesis_custom_body_class":"","_genesis_custom_post_class":"","_genesis_layout":""},"_links":{"self":[{"href":"https:\/\/sarrigurenip.educacion.navarra.es\/web\/es\/wp-json\/wp\/v2\/pages\/2647"}],"collection":[{"href":"https:\/\/sarrigurenip.educacion.navarra.es\/web\/es\/wp-json\/wp\/v2\/pages"}],"about":[{"href":"https:\/\/sarrigurenip.educacion.navarra.es\/web\/es\/wp-json\/wp\/v2\/types\/page"}],"author":[{"embeddable":true,"href":"https:\/\/sarrigurenip.educacion.navarra.es\/web\/es\/wp-json\/wp\/v2\/users\/1"}],"replies":[{"embeddable":true,"href":"https:\/\/sarrigurenip.educacion.navarra.es\/web\/es\/wp-json\/wp\/v2\/comments?post=2647"}],"version-history":[{"count":3,"href":"https:\/\/sarrigurenip.educacion.navarra.es\/web\/es\/wp-json\/wp\/v2\/pages\/2647\/revisions"}],"predecessor-version":[{"id":2816,"href":"https:\/\/sarrigurenip.educacion.navarra.es\/web\/es\/wp-json\/wp\/v2\/pages\/2647\/revisions\/2816"}],"wp:attachment":[{"href":"https:\/\/sarrigurenip.educacion.navarra.es\/web\/es\/wp-json\/wp\/v2\/media?parent=2647"}],"curies":[{"name":"wp","href":"https:\/\/api.w.org\/{rel}","templated":true}]}}