{"id":2639,"date":"2023-12-11T12:51:07","date_gmt":"2023-12-11T11:51:07","guid":{"rendered":"https:\/\/sarrigurenip.educacion.navarra.es\/web\/?page_id=2639"},"modified":"2025-10-27T13:17:40","modified_gmt":"2025-10-27T12:17:40","slug":"consejo-escolar","status":"publish","type":"page","link":"https:\/\/sarrigurenip.educacion.navarra.es\/web\/es\/consejo-escolar\/","title":{"rendered":"Consejo escolar"},"content":{"rendered":"\n<p>Directora: Maite Go\u00f1i<\/p>\n\n\n\n<p>Jefa de Estudios:Gaizka Zubizarreta<\/p>\n\n\n\n<p>Secretaria: Maite Eseberri<\/p>\n\n\n\n<p>Profesorado: Bea Aguirre, Aitor Arana, Izaskun Arce, Izaskun Bizkarrondo y Maider Eugui.<\/p>\n\n\n\n<p>Famlias: Miguel Campion, Xabier Milagro, Maider Sukunza eta Leire Castillo.<\/p>\n\n\n\n<p>Representante Apyma: Santiago Camino<\/p>\n\n\n\n<p>Concejala ayuntamiento: Ainara Gonz\u00e1lez<\/p>\n\n\n\n<p><\/p>\n\n\n\n<p><strong>FUNCIONES DEL CONSEJO ESCOLAR<\/strong><\/p>\n\n\n\n<ul><li>a) Aprobar y evaluar la programaci\u00f3n general anual, sin perjuicio de las competencias del Claustro del profesorado en relaci\u00f3n con la planificaci\u00f3n y organizaci\u00f3n docente.<\/li><li>b) Impulsar la adopci\u00f3n y seguimiento de medidas educativas que fomenten el reconocimiento y protecci\u00f3n de los derechos de la infancia.<\/li><li>c) Proponer medidas e iniciativas que favorezcan los estilos de vida saludable, la convivencia en el centro, la igualdad efectiva de mujeres y hombres, la no discriminaci\u00f3n, la prevenci\u00f3n del acoso escolar y de la violencia de g\u00e9nero y la resoluci\u00f3n pac\u00edfica de conflictos en todos los \u00e1mbitos de la vida personal, familiar y social.<\/li><li>d) Promover progresivamente la conservaci\u00f3n y renovaci\u00f3n de las instalaciones y equipo escolar para la mejora de la calidad y la sostenibilidad y aprobar la obtenci\u00f3n de recursos complementarios de acuerdo con las leyes.<\/li><li>e) Fijar las directrices para la colaboraci\u00f3n, con fines educativos y culturales, con las Administraciones locales y con otros centros, entidades y organismos.<\/li><li>f) Aprobar el proyecto de presupuesto del Centro.<\/li><li>g) Cualesquiera otras que le sean atribuidas por la Administraci\u00f3n educativa.<\/li><\/ul>\n","protected":false},"excerpt":{"rendered":"<p>Directora: Maite Go\u00f1i Jefa de Estudios:Gaizka Zubizarreta Secretaria: Maite Eseberri Profesorado: Bea Aguirre, Aitor Arana, Izaskun Arce, Izaskun Bizkarrondo y Maider Eugui. Famlias: Miguel Campion, Xabier Milagro, Maider Sukunza eta Leire Castillo. Representante Apyma: Santiago Camino Concejala ayuntamiento: Ainara Gonz\u00e1lez FUNCIONES DEL CONSEJO ESCOLAR a) Aprobar y evaluar la programaci\u00f3n general anual, sin perjuicio de [&hellip;]<\/p>\n","protected":false},"author":1,"featured_media":0,"parent":0,"menu_order":0,"comment_status":"closed","ping_status":"closed","template":"","meta":{"_genesis_hide_title":false,"_genesis_hide_breadcrumbs":false,"_genesis_hide_singular_image":false,"_genesis_hide_footer_widgets":false,"_genesis_custom_body_class":"","_genesis_custom_post_class":"","_genesis_layout":""},"_links":{"self":[{"href":"https:\/\/sarrigurenip.educacion.navarra.es\/web\/es\/wp-json\/wp\/v2\/pages\/2639"}],"collection":[{"href":"https:\/\/sarrigurenip.educacion.navarra.es\/web\/es\/wp-json\/wp\/v2\/pages"}],"about":[{"href":"https:\/\/sarrigurenip.educacion.navarra.es\/web\/es\/wp-json\/wp\/v2\/types\/page"}],"author":[{"embeddable":true,"href":"https:\/\/sarrigurenip.educacion.navarra.es\/web\/es\/wp-json\/wp\/v2\/users\/1"}],"replies":[{"embeddable":true,"href":"https:\/\/sarrigurenip.educacion.navarra.es\/web\/es\/wp-json\/wp\/v2\/comments?post=2639"}],"version-history":[{"count":6,"href":"https:\/\/sarrigurenip.educacion.navarra.es\/web\/es\/wp-json\/wp\/v2\/pages\/2639\/revisions"}],"predecessor-version":[{"id":2897,"href":"https:\/\/sarrigurenip.educacion.navarra.es\/web\/es\/wp-json\/wp\/v2\/pages\/2639\/revisions\/2897"}],"wp:attachment":[{"href":"https:\/\/sarrigurenip.educacion.navarra.es\/web\/es\/wp-json\/wp\/v2\/media?parent=2639"}],"curies":[{"name":"wp","href":"https:\/\/api.w.org\/{rel}","templated":true}]}}