{"id":2580,"date":"2023-01-10T12:58:01","date_gmt":"2023-01-10T11:58:01","guid":{"rendered":"https:\/\/sarrigurenip.educacion.navarra.es\/web\/?page_id=2580"},"modified":"2026-03-02T09:39:44","modified_gmt":"2026-03-02T08:39:44","slug":"matriculacion","status":"publish","type":"page","link":"https:\/\/sarrigurenip.educacion.navarra.es\/web\/es\/matriculacion\/","title":{"rendered":"MATRICULACI\u00d3N 2025-26"},"content":{"rendered":"\n<p><\/p>\n\n\n\n<figure class=\"wp-block-table\"><table><tbody><tr><td><strong>PLAZO<\/strong><br>El plazo de prematr\u00edcula ser\u00e1 del <mark style=\"background-color:#7bdcb5\" class=\"has-inline-color\">17 al 21 de marzo<\/mark>.<\/td><\/tr><\/tbody><\/table><\/figure>\n\n\n\n<figure class=\"wp-block-table\"><table><tbody><tr><td><strong>PROCESO DE PREMATR\u00cdCULA<\/strong><br>La preinscripci\u00f3n se realizar\u00e1 preferentemente de manera telem\u00e1tica a trav\u00e9s de la plataforma Educa a la que se accede por medio de:<br>&#8211; Una cuenta de usuario de Educa.<br>&#8211; Sistema de identificaci\u00f3n cl@ve.<br>* Instrucciones para prematr\u00edcula online <a href=\"https:\/\/docs.google.com\/document\/d\/e\/2PACX-1vTfpHEv5dN65tC_NLUUjG43h0W_mfQS6NohmBjEnIaRfFM5vp3KB8PNfrBvX-emAVfjCY5eKcM0PW1O\/pub\">aqu\u00ed<\/a><br><br>El centro podr\u00e1 facilitar ayuda de forma presencial en horario de 8:30 a 14:00.<\/td><\/tr><\/tbody><\/table><\/figure>\n\n\n\n<figure class=\"wp-block-table\"><table><tbody><tr><td><strong>DOCUMENTACI\u00d3N<\/strong><br>Habr\u00e1 que rellenar una serie de datos al acceder a la plataforma y, adem\u00e1s, se deber\u00e1 adjuntar la siguiente documentaci\u00f3n:<br>Obligatoria:<br>&#8211; Solicitud de admisi\u00f3n (<a href=\"https:\/\/sarrigurenip.educacion.navarra.es\/web\/wp-content\/uploads\/2025\/03\/solicitud-adm.-INF-PRIM-25-26-plazo-ordinario.pdf\">descargar<\/a>)<br>&#8211; Copia del libro de familia\/Certificado nacimiento.<br><br>Opcional (consulta <a href=\"https:\/\/www.educacion.navarra.es\/web\/dpto\/preinscripcion\/documentacion\">aqu\u00ed<\/a>):<br>&#8211; Empadronamiento, RentaFamilia, numerosa, Etc \u2026<br><br>Documentaci\u00f3n a entregar en el centro o v\u00eda email: <br><a href=\"mailto:sarriglizarip-administraria@educacion.navarra.es\">sarriglizarip-administraria@educacion.navarra.es<\/a><br>&#8211; Ficha del alumno\/a completada (<a href=\"https:\/\/sarrigurenip.educacion.navarra.es\/web\/wp-content\/uploads\/2025\/03\/ikaslearen_fitxa.pdf\">descargar<\/a>). Disponible tambi\u00e9n en el centro.<br>&#8211; N\u00famero de cuenta<\/td><\/tr><\/tbody><\/table><\/figure>\n\n\n\n<figure class=\"wp-block-table\"><table><tbody><tr><td><strong>MATR\u00cdCULA<\/strong><br>Para evitar que teng\u00e1is que volver al centro a realizar la matr\u00edcula, nosotros la realizaremos autom\u00e1ticamente.<\/td><\/tr><\/tbody><\/table><\/figure>\n\n\n\n<p><\/p>\n\n\n\n<p><\/p>\n\n\n\n<p><\/p>\n\n\n\n<div class=\"wp-block-file\"><object class=\"wp-block-file__embed\" data=\"https:\/\/sarrigurenip.educacion.navarra.es\/web\/wp-content\/uploads\/2025\/03\/FOLLETO-INFAN-Y-PRIMARIA-castellano.pdf\" type=\"application\/pdf\" style=\"width:100%;height:600px\" aria-label=\"Incrustado de FOLLETO-INFAN-Y-PRIMARIA-castellano.\"><\/object><a id=\"wp-block-file--media-94ab8ec9-3b9f-44a6-9e73-d57191f021ce\" href=\"https:\/\/sarrigurenip.educacion.navarra.es\/web\/wp-content\/uploads\/2025\/03\/FOLLETO-INFAN-Y-PRIMARIA-castellano.pdf\">FOLLETO-INFAN-Y-PRIMARIA-castellano<\/a><a href=\"https:\/\/sarrigurenip.educacion.navarra.es\/web\/wp-content\/uploads\/2025\/03\/FOLLETO-INFAN-Y-PRIMARIA-castellano.pdf\" class=\"wp-block-file__button\" download aria-describedby=\"wp-block-file--media-94ab8ec9-3b9f-44a6-9e73-d57191f021ce\">Descarga<\/a><\/div>\n\n\n\n<p><\/p>\n","protected":false},"excerpt":{"rendered":"<p>PLAZOEl plazo de prematr\u00edcula ser\u00e1 del 17 al 21 de marzo. PROCESO DE PREMATR\u00cdCULALa preinscripci\u00f3n se realizar\u00e1 preferentemente de manera telem\u00e1tica a trav\u00e9s de la plataforma Educa a la que se accede por medio de:&#8211; Una cuenta de usuario de Educa.&#8211; Sistema de identificaci\u00f3n cl@ve.* Instrucciones para prematr\u00edcula online aqu\u00ed El centro podr\u00e1 facilitar ayuda [&hellip;]<\/p>\n","protected":false},"author":1,"featured_media":0,"parent":0,"menu_order":0,"comment_status":"closed","ping_status":"closed","template":"","meta":{"_genesis_hide_title":false,"_genesis_hide_breadcrumbs":false,"_genesis_hide_singular_image":false,"_genesis_hide_footer_widgets":false,"_genesis_custom_body_class":"","_genesis_custom_post_class":"","_genesis_layout":""},"_links":{"self":[{"href":"https:\/\/sarrigurenip.educacion.navarra.es\/web\/es\/wp-json\/wp\/v2\/pages\/2580"}],"collection":[{"href":"https:\/\/sarrigurenip.educacion.navarra.es\/web\/es\/wp-json\/wp\/v2\/pages"}],"about":[{"href":"https:\/\/sarrigurenip.educacion.navarra.es\/web\/es\/wp-json\/wp\/v2\/types\/page"}],"author":[{"embeddable":true,"href":"https:\/\/sarrigurenip.educacion.navarra.es\/web\/es\/wp-json\/wp\/v2\/users\/1"}],"replies":[{"embeddable":true,"href":"https:\/\/sarrigurenip.educacion.navarra.es\/web\/es\/wp-json\/wp\/v2\/comments?post=2580"}],"version-history":[{"count":16,"href":"https:\/\/sarrigurenip.educacion.navarra.es\/web\/es\/wp-json\/wp\/v2\/pages\/2580\/revisions"}],"predecessor-version":[{"id":2858,"href":"https:\/\/sarrigurenip.educacion.navarra.es\/web\/es\/wp-json\/wp\/v2\/pages\/2580\/revisions\/2858"}],"wp:attachment":[{"href":"https:\/\/sarrigurenip.educacion.navarra.es\/web\/es\/wp-json\/wp\/v2\/media?parent=2580"}],"curies":[{"name":"wp","href":"https:\/\/api.w.org\/{rel}","templated":true}]}}