{"id":2063,"date":"2021-04-21T11:10:49","date_gmt":"2021-04-21T09:10:49","guid":{"rendered":"https:\/\/sarrigurenip.educacion.navarra.es\/web\/?page_id=2063"},"modified":"2021-09-07T10:59:21","modified_gmt":"2021-09-07T08:59:21","slug":"eskabide-orokorra","status":"publish","type":"page","link":"https:\/\/sarrigurenip.educacion.navarra.es\/web\/es\/eskabide-orokorra\/","title":{"rendered":"INSTANCIA GENERAL"},"content":{"rendered":"\n<p>En caso de querer contactar con el centro para expresar sugerencias, reclamaciones, agradecimientos o propuestas, ten\u00e9is a vuestra disposici\u00f3n la Instancia General tanto <a href=\"https:\/\/docs.google.com\/document\/d\/154eI2eAzDl5CFDYrf7tI8qSnuldUHp_Q-XlnL91YTXE\/edit\" target=\"_blank\" rel=\"noreferrer noopener\">en este enlace<\/a> como en la porter\u00eda del centro.<br>Una vez rellenado el documento, se deber\u00e1 entragar en mano en porter\u00eda.<\/p>\n","protected":false},"excerpt":{"rendered":"<p>En caso de querer contactar con el centro para expresar sugerencias, reclamaciones, agradecimientos o propuestas, ten\u00e9is a vuestra disposici\u00f3n la Instancia General tanto en este enlace como en la porter\u00eda del centro.Una vez rellenado el documento, se deber\u00e1 entragar en mano en porter\u00eda.<\/p>\n","protected":false},"author":1,"featured_media":0,"parent":0,"menu_order":0,"comment_status":"closed","ping_status":"closed","template":"","meta":{"_genesis_hide_title":false,"_genesis_hide_breadcrumbs":false,"_genesis_hide_singular_image":false,"_genesis_hide_footer_widgets":false,"_genesis_custom_body_class":"","_genesis_custom_post_class":"","_genesis_layout":""},"_links":{"self":[{"href":"https:\/\/sarrigurenip.educacion.navarra.es\/web\/es\/wp-json\/wp\/v2\/pages\/2063"}],"collection":[{"href":"https:\/\/sarrigurenip.educacion.navarra.es\/web\/es\/wp-json\/wp\/v2\/pages"}],"about":[{"href":"https:\/\/sarrigurenip.educacion.navarra.es\/web\/es\/wp-json\/wp\/v2\/types\/page"}],"author":[{"embeddable":true,"href":"https:\/\/sarrigurenip.educacion.navarra.es\/web\/es\/wp-json\/wp\/v2\/users\/1"}],"replies":[{"embeddable":true,"href":"https:\/\/sarrigurenip.educacion.navarra.es\/web\/es\/wp-json\/wp\/v2\/comments?post=2063"}],"version-history":[{"count":3,"href":"https:\/\/sarrigurenip.educacion.navarra.es\/web\/es\/wp-json\/wp\/v2\/pages\/2063\/revisions"}],"predecessor-version":[{"id":2270,"href":"https:\/\/sarrigurenip.educacion.navarra.es\/web\/es\/wp-json\/wp\/v2\/pages\/2063\/revisions\/2270"}],"wp:attachment":[{"href":"https:\/\/sarrigurenip.educacion.navarra.es\/web\/es\/wp-json\/wp\/v2\/media?parent=2063"}],"curies":[{"name":"wp","href":"https:\/\/api.w.org\/{rel}","templated":true}]}}