{"id":2013,"date":"2021-02-25T12:56:05","date_gmt":"2021-02-25T11:56:05","guid":{"rendered":"https:\/\/sarrigurenip.educacion.navarra.es\/web\/?page_id=2013"},"modified":"2021-06-04T13:28:51","modified_gmt":"2021-06-04T11:28:51","slug":"educacion-emocional","status":"publish","type":"page","link":"https:\/\/sarrigurenip.educacion.navarra.es\/web\/es\/educacion-emocional\/","title":{"rendered":"EDUCACI\u00d3N EMOCIONAL"},"content":{"rendered":"\n<p>El Gobierno de Navarra puso en marcha en el curso 2016-2017 el Programa \u00abLaguntza\u00bb como prevenci\u00f3n e intervenci\u00f3n del acoso escolar. En el marco de este programa, se ha dado cuenta de la importancia de trabajar la Educaci\u00f3n Emocional y se ha puesto en marcha este curso un proyecto piloto denominado \u00abEducaci\u00f3n Emocional en las Aulas\u00bb. Nuestro colegio ha sido invitado a participar en este proyecto piloto.<\/p>\n\n\n\n<p>El programa \u00abEducaci\u00f3n Emocional en las Aulas\u00bb tiene como objetivo promover el desarrollo de la inteligencia emocional de todas las personas y la convivencia dentro del centro educativo.<\/p>\n\n\n\n<p>A continuaci\u00f3n, encontrareis un v\u00eddeo explicativo de una de los creadoras y conductoras del Programa Laguntza.&nbsp;&nbsp;<\/p>\n\n\n\n<figure class=\"wp-block-embed is-type-video is-provider-youtube wp-block-embed-youtube wp-embed-aspect-16-9 wp-has-aspect-ratio\"><div class=\"wp-block-embed__wrapper\">\n<iframe loading=\"lazy\" title=\"Convivencia  Presentaci\u00f3n castellano\" width=\"500\" height=\"281\" src=\"https:\/\/www.youtube.com\/embed\/-TQZTQlGpi8?feature=oembed\" frameborder=\"0\" allow=\"accelerometer; autoplay; clipboard-write; encrypted-media; gyroscope; picture-in-picture\" allowfullscreen><\/iframe>\n<\/div><\/figure>\n\n\n\n<p>Seguidamente os mostramos el v\u00eddeo que presentamos en las III. Jornadas de Laguntza. Este a\u00f1o en la escuela se han llevado a cabo diversas actividades en torno a la educaci\u00f3n emocional. En este v\u00eddeo se cuenta la experiencia de familias, profesores y alumnos de nuestra escuela en torno a estas actividades.\u00a0<\/p>\n\n\n\n<figure class=\"wp-block-embed is-type-video is-provider-youtube wp-block-embed-youtube wp-embed-aspect-4-3 wp-has-aspect-ratio\"><div class=\"wp-block-embed__wrapper\">\n<iframe loading=\"lazy\" title=\"Joakina Lizarraga emozioei begira\" width=\"500\" height=\"375\" src=\"https:\/\/www.youtube.com\/embed\/RypdxeUcgfQ?feature=oembed\" frameborder=\"0\" allow=\"accelerometer; autoplay; clipboard-write; encrypted-media; gyroscope; picture-in-picture\" allowfullscreen><\/iframe>\n<\/div><\/figure>\n","protected":false},"excerpt":{"rendered":"<p>El Gobierno de Navarra puso en marcha en el curso 2016-2017 el Programa \u00abLaguntza\u00bb como prevenci\u00f3n e intervenci\u00f3n del acoso escolar. En el marco de este programa, se ha dado cuenta de la importancia de trabajar la Educaci\u00f3n Emocional y se ha puesto en marcha este curso un proyecto piloto denominado \u00abEducaci\u00f3n Emocional en las [&hellip;]<\/p>\n","protected":false},"author":1,"featured_media":0,"parent":0,"menu_order":0,"comment_status":"closed","ping_status":"closed","template":"","meta":{"_genesis_hide_title":false,"_genesis_hide_breadcrumbs":false,"_genesis_hide_singular_image":false,"_genesis_hide_footer_widgets":false,"_genesis_custom_body_class":"","_genesis_custom_post_class":"","_genesis_layout":""},"_links":{"self":[{"href":"https:\/\/sarrigurenip.educacion.navarra.es\/web\/es\/wp-json\/wp\/v2\/pages\/2013"}],"collection":[{"href":"https:\/\/sarrigurenip.educacion.navarra.es\/web\/es\/wp-json\/wp\/v2\/pages"}],"about":[{"href":"https:\/\/sarrigurenip.educacion.navarra.es\/web\/es\/wp-json\/wp\/v2\/types\/page"}],"author":[{"embeddable":true,"href":"https:\/\/sarrigurenip.educacion.navarra.es\/web\/es\/wp-json\/wp\/v2\/users\/1"}],"replies":[{"embeddable":true,"href":"https:\/\/sarrigurenip.educacion.navarra.es\/web\/es\/wp-json\/wp\/v2\/comments?post=2013"}],"version-history":[{"count":2,"href":"https:\/\/sarrigurenip.educacion.navarra.es\/web\/es\/wp-json\/wp\/v2\/pages\/2013\/revisions"}],"predecessor-version":[{"id":2188,"href":"https:\/\/sarrigurenip.educacion.navarra.es\/web\/es\/wp-json\/wp\/v2\/pages\/2013\/revisions\/2188"}],"wp:attachment":[{"href":"https:\/\/sarrigurenip.educacion.navarra.es\/web\/es\/wp-json\/wp\/v2\/media?parent=2013"}],"curies":[{"name":"wp","href":"https:\/\/api.w.org\/{rel}","templated":true}]}}