{"id":1936,"date":"2021-01-25T10:38:45","date_gmt":"2021-01-25T09:38:45","guid":{"rendered":"https:\/\/sarrigurenip.educacion.navarra.es\/web\/?page_id=1936"},"modified":"2021-01-25T10:38:47","modified_gmt":"2021-01-25T09:38:47","slug":"skolae","status":"publish","type":"page","link":"https:\/\/sarrigurenip.educacion.navarra.es\/web\/es\/skolae\/","title":{"rendered":"SKOLAE"},"content":{"rendered":"\n<p>Uno de los valores que rigen en nuestro centro es la igualdad, del cual se desprenden la coeducaci\u00f3n y la importancia de la diversidad. Por ello, nuestro centro participa en el programa Skolae.<\/p>\n\n\n\n<p>Skolae inspira el trabajo de los centros y comunidades educativas de Navarra para facilitar a todo el alumnado la posibilidad de aprender a vivir en igualdad.<\/p>\n\n\n\n<p>Un proceso que se debe asentar en el conocimiento, la libertad y la capacidad de decidir sobre el futuro sin condicionantes de g\u00e9nero, aprendiendo a identificar las desigualdades, a luchar contra ellas y a ejercer el derecho a la igualdad en el \u00e1mbito de cada cultura, religi\u00f3n, clase social, situaci\u00f3n funcional, identidad u orientaci\u00f3n sexual.<\/p>\n","protected":false},"excerpt":{"rendered":"<p>Uno de los valores que rigen en nuestro centro es la igualdad, del cual se desprenden la coeducaci\u00f3n y la importancia de la diversidad. Por ello, nuestro centro participa en el programa Skolae. Skolae inspira el trabajo de los centros y comunidades educativas de Navarra para facilitar a todo el alumnado la posibilidad de aprender [&hellip;]<\/p>\n","protected":false},"author":1,"featured_media":0,"parent":0,"menu_order":0,"comment_status":"closed","ping_status":"closed","template":"","meta":{"_genesis_hide_title":false,"_genesis_hide_breadcrumbs":false,"_genesis_hide_singular_image":false,"_genesis_hide_footer_widgets":false,"_genesis_custom_body_class":"","_genesis_custom_post_class":"","_genesis_layout":""},"_links":{"self":[{"href":"https:\/\/sarrigurenip.educacion.navarra.es\/web\/es\/wp-json\/wp\/v2\/pages\/1936"}],"collection":[{"href":"https:\/\/sarrigurenip.educacion.navarra.es\/web\/es\/wp-json\/wp\/v2\/pages"}],"about":[{"href":"https:\/\/sarrigurenip.educacion.navarra.es\/web\/es\/wp-json\/wp\/v2\/types\/page"}],"author":[{"embeddable":true,"href":"https:\/\/sarrigurenip.educacion.navarra.es\/web\/es\/wp-json\/wp\/v2\/users\/1"}],"replies":[{"embeddable":true,"href":"https:\/\/sarrigurenip.educacion.navarra.es\/web\/es\/wp-json\/wp\/v2\/comments?post=1936"}],"version-history":[{"count":1,"href":"https:\/\/sarrigurenip.educacion.navarra.es\/web\/es\/wp-json\/wp\/v2\/pages\/1936\/revisions"}],"predecessor-version":[{"id":1937,"href":"https:\/\/sarrigurenip.educacion.navarra.es\/web\/es\/wp-json\/wp\/v2\/pages\/1936\/revisions\/1937"}],"wp:attachment":[{"href":"https:\/\/sarrigurenip.educacion.navarra.es\/web\/es\/wp-json\/wp\/v2\/media?parent=1936"}],"curies":[{"name":"wp","href":"https:\/\/api.w.org\/{rel}","templated":true}]}}