{"id":1809,"date":"2021-01-12T10:26:43","date_gmt":"2021-01-12T09:26:43","guid":{"rendered":"https:\/\/sarrigurenip.educacion.navarra.es\/web\/?page_id=1809"},"modified":"2021-01-12T12:29:02","modified_gmt":"2021-01-12T11:29:02","slug":"joakin-lizarraga","status":"publish","type":"page","link":"https:\/\/sarrigurenip.educacion.navarra.es\/web\/es\/joakin-lizarraga\/","title":{"rendered":"MISI\u00d3N, VISI\u00d3N y VALORES"},"content":{"rendered":"\n<p><strong>MISI\u00d3N<\/strong>: La raz\u00f3n de nuestro ser. Prop\u00f3sito de nuestro trabajo.<\/p>\n\n\n\n<p>El objetivo de la escuela p\u00fablica de infantil y primaria Joakin Lizarraga, centr\u00e1ndose en la cultura vasca y el euskera, es educar a estudiantes multiling\u00fces y competentes en la sociedad actual, tanto en valores como en todas las \u00e1reas del curriculum. Teniendo en cuenta las capacidades de cada estudiante, promueve un proyecto educativo inclusivo y diverso.<\/p>\n\n\n\n<p><strong>VISI\u00d3N<\/strong>: Nuestro deseo y sue\u00f1o, nuestro destino a corto y medioplazo.<\/p>\n\n\n\n<p>\u2013 Promoviendo la riqueza de nuestra cultura, impulsar el uso del euskera.<\/p>\n\n\n\n<p>\u2013 Mejorar la convivencia escolar a trav\u00e9s de la educaci\u00f3n y el desarrollo emocional del alumnado.<\/p>\n\n\n\n<p>\u2013 Promover metodolog\u00edas inclusivas que fomenten aprendizajes significativos y que respeten los diferentes ritmos y procesos de los estudiantes<\/p>\n\n\n\n<p>\u2013 Favorecer la implementaci\u00f3n y uso de nuevas tecnolog\u00edas.<\/p>\n\n\n\n<p>\u2013 Garantizar la formaci\u00f3n del profesorado.<\/p>\n\n\n\n<p>\u2013 Promover la coordinaci\u00f3n efectiva de todas los estamentos que conforman la comunidad escolar en el desarrollo de nuestro proyecto conjunto.<\/p>\n\n\n\n<p>\u2013 Mejorar la gesti\u00f3n de calidad en la escuela.<\/p>\n\n\n\n<p><strong>VALORES<\/strong>: Los cimientos que nos gu\u00edan.<\/p>\n\n\n\n<p>\u2013 Respeto<\/p>\n\n\n\n<p>\u2013 Igualdad<\/p>\n\n\n\n<p>\u2013 Trabajo y esfuerzo<\/p>\n\n\n\n<p>\u2013 Compromiso<\/p>\n","protected":false},"excerpt":{"rendered":"<p>MISI\u00d3N: La raz\u00f3n de nuestro ser. Prop\u00f3sito de nuestro trabajo. El objetivo de la escuela p\u00fablica de infantil y primaria Joakin Lizarraga, centr\u00e1ndose en la cultura vasca y el euskera, es educar a estudiantes multiling\u00fces y competentes en la sociedad actual, tanto en valores como en todas las \u00e1reas del curriculum. Teniendo en cuenta las [&hellip;]<\/p>\n","protected":false},"author":1,"featured_media":0,"parent":0,"menu_order":0,"comment_status":"closed","ping_status":"closed","template":"","meta":{"_genesis_hide_title":false,"_genesis_hide_breadcrumbs":false,"_genesis_hide_singular_image":false,"_genesis_hide_footer_widgets":false,"_genesis_custom_body_class":"","_genesis_custom_post_class":"","_genesis_layout":""},"_links":{"self":[{"href":"https:\/\/sarrigurenip.educacion.navarra.es\/web\/es\/wp-json\/wp\/v2\/pages\/1809"}],"collection":[{"href":"https:\/\/sarrigurenip.educacion.navarra.es\/web\/es\/wp-json\/wp\/v2\/pages"}],"about":[{"href":"https:\/\/sarrigurenip.educacion.navarra.es\/web\/es\/wp-json\/wp\/v2\/types\/page"}],"author":[{"embeddable":true,"href":"https:\/\/sarrigurenip.educacion.navarra.es\/web\/es\/wp-json\/wp\/v2\/users\/1"}],"replies":[{"embeddable":true,"href":"https:\/\/sarrigurenip.educacion.navarra.es\/web\/es\/wp-json\/wp\/v2\/comments?post=1809"}],"version-history":[{"count":2,"href":"https:\/\/sarrigurenip.educacion.navarra.es\/web\/es\/wp-json\/wp\/v2\/pages\/1809\/revisions"}],"predecessor-version":[{"id":1818,"href":"https:\/\/sarrigurenip.educacion.navarra.es\/web\/es\/wp-json\/wp\/v2\/pages\/1809\/revisions\/1818"}],"wp:attachment":[{"href":"https:\/\/sarrigurenip.educacion.navarra.es\/web\/es\/wp-json\/wp\/v2\/media?parent=1809"}],"curies":[{"name":"wp","href":"https:\/\/api.w.org\/{rel}","templated":true}]}}