{"id":1645,"date":"2020-12-18T10:20:38","date_gmt":"2020-12-18T09:20:38","guid":{"rendered":"https:\/\/sarrigurenip.educacion.navarra.es\/web\/?page_id=1645"},"modified":"2026-04-14T10:45:45","modified_gmt":"2026-04-14T08:45:45","slug":"contacto-2","status":"publish","type":"page","link":"https:\/\/sarrigurenip.educacion.navarra.es\/web\/es\/contacto-2\/","title":{"rendered":"CONTACTO"},"content":{"rendered":"\n<figure class=\"wp-block-image size-large\"><img loading=\"lazy\" width=\"1024\" height=\"486\" src=\"https:\/\/sarrigurenip.educacion.navarra.es\/web\/wp-content\/uploads\/2021\/03\/nor_gara-1024x486.jpg\" alt=\"\" class=\"wp-image-2033\" srcset=\"https:\/\/sarrigurenip.educacion.navarra.es\/web\/wp-content\/uploads\/2021\/03\/nor_gara-1024x486.jpg 1024w, https:\/\/sarrigurenip.educacion.navarra.es\/web\/wp-content\/uploads\/2021\/03\/nor_gara-300x143.jpg 300w, https:\/\/sarrigurenip.educacion.navarra.es\/web\/wp-content\/uploads\/2021\/03\/nor_gara-768x365.jpg 768w, https:\/\/sarrigurenip.educacion.navarra.es\/web\/wp-content\/uploads\/2021\/03\/nor_gara-1536x730.jpg 1536w, https:\/\/sarrigurenip.educacion.navarra.es\/web\/wp-content\/uploads\/2021\/03\/nor_gara.jpg 2000w\" sizes=\"(max-width: 1024px) 100vw, 1024px\" \/><\/figure>\n\n\n\n<p><\/p>\n\n\n\n<h4>CP JOAKIN LIZARRAGA<\/h4>\n\n\n\n<p>Avenida Jorge Oteiza 4<br>31621 SARRIGUREN<br>948633530<br><a href=\"mailto:joakinlizarragaip@educacion.navarra.es\">joakinlizarragaip@educacion.navarra.es<\/a><\/p>\n\n\n\n<p><strong>\u00bfQuieres darnos tu opini\u00f3n o reportar una incidencia?&nbsp;<\/strong><\/p>\n\n\n\n<p>Usa el <a href=\"https:\/\/docs.google.com\/forms\/d\/e\/1FAIpQLSfzi8pAs_hiCjENnh_fM_hc5-ouCmgZ1-Y1IumleISdUAor1Q\/viewform?usp=header\">Formulario SQRA<\/a>. Es la v\u00eda m\u00e1s r\u00e1pida para que el equipo directivo analice tu sugerencia o queja y te d\u00e9 una respuesta \u00e1gil por correo electr\u00f3nico.<\/p>\n\n\n\n<ul><li>Rellena el formulario y recibir\u00e1s una respuesta.<\/li><\/ul>\n\n\n\n<p><strong>\u00bfNecesitas pedir algo formalmente?&nbsp;<\/strong><\/p>\n\n\n\n<p>Usa la <a href=\"https:\/\/drive.google.com\/file\/d\/1pk7J7bb_gKR6KFeJGU3GbzF4kI8C5lcC\/view?usp=drive_link\">Instancia General<\/a>. Es el documento oficial para realizar solicitudes que requieren un registro f\u00edsico en el centro (como pedir un certificado de matriculaci\u00f3n o solicitar un aula).<\/p>\n\n\n\n<ul><li>Imprime la instancia o pide una copia en conserjer\u00eda. Despu\u00e9s de rellenarla, entr\u00e9gala de nuevo en conserjer\u00eda y recibir\u00e1s una respuesta.<\/li><\/ul>\n\n\n\n<p><\/p>\n","protected":false},"excerpt":{"rendered":"<p>CP JOAKIN LIZARRAGA Avenida Jorge Oteiza 431621 SARRIGUREN948633530joakinlizarragaip@educacion.navarra.es \u00bfQuieres darnos tu opini\u00f3n o reportar una incidencia?&nbsp; Usa el Formulario SQRA. Es la v\u00eda m\u00e1s r\u00e1pida para que el equipo directivo analice tu sugerencia o queja y te d\u00e9 una respuesta \u00e1gil por correo electr\u00f3nico. Rellena el formulario y recibir\u00e1s una respuesta. \u00bfNecesitas pedir algo formalmente?&nbsp; [&hellip;]<\/p>\n","protected":false},"author":1,"featured_media":0,"parent":0,"menu_order":0,"comment_status":"closed","ping_status":"closed","template":"","meta":{"_genesis_hide_title":false,"_genesis_hide_breadcrumbs":false,"_genesis_hide_singular_image":false,"_genesis_hide_footer_widgets":false,"_genesis_custom_body_class":"","_genesis_custom_post_class":"","_genesis_layout":""},"_links":{"self":[{"href":"https:\/\/sarrigurenip.educacion.navarra.es\/web\/es\/wp-json\/wp\/v2\/pages\/1645"}],"collection":[{"href":"https:\/\/sarrigurenip.educacion.navarra.es\/web\/es\/wp-json\/wp\/v2\/pages"}],"about":[{"href":"https:\/\/sarrigurenip.educacion.navarra.es\/web\/es\/wp-json\/wp\/v2\/types\/page"}],"author":[{"embeddable":true,"href":"https:\/\/sarrigurenip.educacion.navarra.es\/web\/es\/wp-json\/wp\/v2\/users\/1"}],"replies":[{"embeddable":true,"href":"https:\/\/sarrigurenip.educacion.navarra.es\/web\/es\/wp-json\/wp\/v2\/comments?post=1645"}],"version-history":[{"count":5,"href":"https:\/\/sarrigurenip.educacion.navarra.es\/web\/es\/wp-json\/wp\/v2\/pages\/1645\/revisions"}],"predecessor-version":[{"id":3133,"href":"https:\/\/sarrigurenip.educacion.navarra.es\/web\/es\/wp-json\/wp\/v2\/pages\/1645\/revisions\/3133"}],"wp:attachment":[{"href":"https:\/\/sarrigurenip.educacion.navarra.es\/web\/es\/wp-json\/wp\/v2\/media?parent=1645"}],"curies":[{"name":"wp","href":"https:\/\/api.w.org\/{rel}","templated":true}]}}