{"id":1585,"date":"2020-12-09T13:24:17","date_gmt":"2020-12-09T12:24:17","guid":{"rendered":"https:\/\/sarrigurenip.educacion.navarra.es\/web\/?page_id=1585"},"modified":"2023-12-18T10:44:57","modified_gmt":"2023-12-18T09:44:57","slug":"solasaldi-dialogikoak","status":"publish","type":"page","link":"https:\/\/sarrigurenip.educacion.navarra.es\/web\/es\/solasaldi-dialogikoak\/","title":{"rendered":"TERTULIAS DIAL\u00d3GICAS"},"content":{"rendered":"\n<p><em>El grupo, nuestra fuerza<\/em><\/p>\n\n\n\n<div class=\"wp-container-1 wp-block-group\"><div class=\"wp-block-group__inner-container\">\n<p>Todo el alumnado de Educaci\u00f3n Primaria participa en las lecturas dial\u00f3gicas una vez por semana.<\/p>\n\n\n\n<p><strong>\u00bfQU\u00c9 SON LAS LECTURAS DIAL\u00d3GICAS?<\/strong><\/p>\n\n\n\n<p>Las Lecturas Dial\u00f3gicas son una conversaci\u00f3n entre un grupo de personas sobre la lectura de un libro cl\u00e1sico. El grupo mismo acuerda qu\u00e9 leer y cu\u00e1ndo unirse. A partir de ah\u00ed, hay que leer el texto elegido por todos y todas.<\/p>\n\n\n\n<p><strong>\u00bfC\u00d3MO SE REALIZAN?<\/strong><\/p>\n\n\n\n<p>Despu\u00e9s de leer el texto o libro y, por el motivo que sea, se deben seleccionar los p\u00e1rrafos u oraciones que llamen la atenci\u00f3n y copiarlos en el cuaderno, explicando el motivo de la elecci\u00f3n (el motivo tambi\u00e9n se puede escribir en el cuaderno si se desea).<\/p>\n\n\n\n<p>En la sesi\u00f3n de conversaci\u00f3n, cada participante lee la parte seleccionada, indicando al resto de miembros en qu\u00e9 p\u00e1gina se encuentra esa parte. Despu\u00e9s de leer, debe explicar por qu\u00e9 la eligi\u00f3, dando argumentos.<\/p>\n\n\n\n<p>Si un miembro del grupo quiere hacer un comentario sobre lo que se ha dicho, puede hacerlo levantando siempre la mano y esperando a que el\/la moderador\/moderadora le d\u00e9 el turno. Si nadie quisiera hacer un comentario, ser\u00e1 el turno de otra persona para leer su parte y seguir\u00e1n el mismo procedimiento. De esta forma, cada persona tendr\u00e1 la oportunidad de dar explicaciones individuales, argumentando los motivos de esta elecci\u00f3n, dando su opini\u00f3n sobre lo que otro\/otra ha dicho\u2026<\/p>\n\n\n\n<p><strong>REQUERIMIENTOS B\u00c1SICOS<\/strong><\/p>\n\n\n\n<ul><li>Respetar el turno para hablar: se debe solicitar un turno para hablar. Se debe prestar especial atenci\u00f3n a las personas que hablan poco o tienen poca participaci\u00f3n. Debe fomentarse la participaci\u00f3n.<\/li><li>Respeto a la opini\u00f3n de los dem\u00e1s: no es necesario llegar a acuerdos, un mismo texto se puede entender desde diferentes puntos de vista y todas las opiniones deben aceptarse de la misma forma. Entendemos el libro en su totalidad despu\u00e9s de recibir contribuciones de todos los participantes.<\/li><\/ul>\n\n\n\n<p><strong>RESPONSABILIDAD DEL MODERADOR:<\/strong><\/p>\n\n\n\n<ul><li>Turnarse para hablar<\/li><li>Fomentar el consenso, pero no es obligatorio<\/li><li>Animar a los menos involucrados<\/li><li>Crear una atm\u00f3sfera de libertad<\/li><li>Proponer v\u00ednculos entre temas<\/li><\/ul>\n<\/div><\/div>\n\n\n\n<p><\/p>\n","protected":false},"excerpt":{"rendered":"<p>El grupo, nuestra fuerza Todo el alumnado de Educaci\u00f3n Primaria participa en las lecturas dial\u00f3gicas una vez por semana. \u00bfQU\u00c9 SON LAS LECTURAS DIAL\u00d3GICAS? Las Lecturas Dial\u00f3gicas son una conversaci\u00f3n entre un grupo de personas sobre la lectura de un libro cl\u00e1sico. El grupo mismo acuerda qu\u00e9 leer y cu\u00e1ndo unirse. A partir de ah\u00ed, [&hellip;]<\/p>\n","protected":false},"author":1,"featured_media":1612,"parent":0,"menu_order":0,"comment_status":"closed","ping_status":"closed","template":"","meta":{"_genesis_hide_title":false,"_genesis_hide_breadcrumbs":false,"_genesis_hide_singular_image":false,"_genesis_hide_footer_widgets":false,"_genesis_custom_body_class":"","_genesis_custom_post_class":"","_genesis_layout":""},"_links":{"self":[{"href":"https:\/\/sarrigurenip.educacion.navarra.es\/web\/es\/wp-json\/wp\/v2\/pages\/1585"}],"collection":[{"href":"https:\/\/sarrigurenip.educacion.navarra.es\/web\/es\/wp-json\/wp\/v2\/pages"}],"about":[{"href":"https:\/\/sarrigurenip.educacion.navarra.es\/web\/es\/wp-json\/wp\/v2\/types\/page"}],"author":[{"embeddable":true,"href":"https:\/\/sarrigurenip.educacion.navarra.es\/web\/es\/wp-json\/wp\/v2\/users\/1"}],"replies":[{"embeddable":true,"href":"https:\/\/sarrigurenip.educacion.navarra.es\/web\/es\/wp-json\/wp\/v2\/comments?post=1585"}],"version-history":[{"count":5,"href":"https:\/\/sarrigurenip.educacion.navarra.es\/web\/es\/wp-json\/wp\/v2\/pages\/1585\/revisions"}],"predecessor-version":[{"id":2704,"href":"https:\/\/sarrigurenip.educacion.navarra.es\/web\/es\/wp-json\/wp\/v2\/pages\/1585\/revisions\/2704"}],"wp:featuredmedia":[{"embeddable":true,"href":"https:\/\/sarrigurenip.educacion.navarra.es\/web\/es\/wp-json\/wp\/v2\/media\/1612"}],"wp:attachment":[{"href":"https:\/\/sarrigurenip.educacion.navarra.es\/web\/es\/wp-json\/wp\/v2\/media?parent=1585"}],"curies":[{"name":"wp","href":"https:\/\/api.w.org\/{rel}","templated":true}]}}