{"id":1318,"date":"2020-06-16T12:55:42","date_gmt":"2020-06-16T10:55:42","guid":{"rendered":"https:\/\/sarrigurenip.educacion.navarra.es\/web\/programa-de-mediacion\/"},"modified":"2020-06-16T12:55:42","modified_gmt":"2020-06-16T10:55:42","slug":"programa-de-mediacion","status":"publish","type":"page","link":"https:\/\/sarrigurenip.educacion.navarra.es\/web\/es\/programa-de-mediacion\/","title":{"rendered":"PROGRAMA DE MEDIACI\u00d3N"},"content":{"rendered":"\n<p>Es un protocolo que ponemos en marcha para ayudar a solucionar los problemas que pueden surgir entre los alumnos\/as del centro. Los mediadores\/as son los responsables de esta tarea. El mediador\/a es la tercera persona que ayuda a buscar salidas a los que han tenido un problema.<\/p>\n\n<p>Cada a\u00f1os, seis, siete u ocho alumnos\/as de 6\u00ba son los mediadores\/as.<\/p>\n\n<p>Para poder solucionar los conflictos o desacuerdos, se puede utilizar un lugar llamado \u201cAdostokia\u201d. En este lugar hay una mesa y dos sillas. Encima de una de las sillas hay dibujada una boca y en la otra una oreja. El\/la que se siente en la silla de la boca, tendr\u00e1 el turno de palabra y el\/la que est\u00e9 en la parte de la oreja, deber\u00e1 escuchar. Despu\u00e9s intercambiar\u00e1n las posiciones. Mientras tanto los mediadores\/as rellenar\u00e1n un acta. En general, la sesi\u00f3n termina cuando se encuentra una soluci\u00f3n al problema, de manera que las dos partes salen ganando. La utilizaci\u00f3n de este lugar se realiza mayoritariamente en los recreos o al mediod\u00eda, siempre bajo la supervisi\u00f3n de un adulto.<\/p>\n\n<p>Todo esto se lleva a cabo durante el curso, cuando un alumno\/a pide ayuda o cuando los mediadores\/as ven la necesidad en sus compa\u00f1eros\/as.<\/p>\n\n<p><\/p>\n","protected":false},"excerpt":{"rendered":"<p>Es un protocolo que ponemos en marcha para ayudar a solucionar los problemas que pueden surgir entre los alumnos\/as del centro. Los mediadores\/as son los responsables de esta tarea. El mediador\/a es la tercera persona que ayuda a buscar salidas a los que han tenido un problema. Cada a\u00f1os, seis, siete u ocho alumnos\/as de [&hellip;]<\/p>\n","protected":false},"author":1,"featured_media":0,"parent":0,"menu_order":0,"comment_status":"closed","ping_status":"closed","template":"","meta":{"_genesis_hide_title":false,"_genesis_hide_breadcrumbs":false,"_genesis_hide_singular_image":false,"_genesis_hide_footer_widgets":false,"_genesis_custom_body_class":"","_genesis_custom_post_class":"","_genesis_layout":""},"_links":{"self":[{"href":"https:\/\/sarrigurenip.educacion.navarra.es\/web\/es\/wp-json\/wp\/v2\/pages\/1318"}],"collection":[{"href":"https:\/\/sarrigurenip.educacion.navarra.es\/web\/es\/wp-json\/wp\/v2\/pages"}],"about":[{"href":"https:\/\/sarrigurenip.educacion.navarra.es\/web\/es\/wp-json\/wp\/v2\/types\/page"}],"author":[{"embeddable":true,"href":"https:\/\/sarrigurenip.educacion.navarra.es\/web\/es\/wp-json\/wp\/v2\/users\/1"}],"replies":[{"embeddable":true,"href":"https:\/\/sarrigurenip.educacion.navarra.es\/web\/es\/wp-json\/wp\/v2\/comments?post=1318"}],"version-history":[{"count":1,"href":"https:\/\/sarrigurenip.educacion.navarra.es\/web\/es\/wp-json\/wp\/v2\/pages\/1318\/revisions"}],"predecessor-version":[{"id":1319,"href":"https:\/\/sarrigurenip.educacion.navarra.es\/web\/es\/wp-json\/wp\/v2\/pages\/1318\/revisions\/1319"}],"wp:attachment":[{"href":"https:\/\/sarrigurenip.educacion.navarra.es\/web\/es\/wp-json\/wp\/v2\/media?parent=1318"}],"curies":[{"name":"wp","href":"https:\/\/api.w.org\/{rel}","templated":true}]}}