{"id":1218,"date":"2020-04-29T10:18:40","date_gmt":"2020-04-29T08:18:40","guid":{"rendered":"https:\/\/sarrigurenip.educacion.navarra.es\/web\/?page_id=1218"},"modified":"2020-06-15T10:27:23","modified_gmt":"2020-06-15T08:27:23","slug":"almuerzos-saludables","status":"publish","type":"page","link":"https:\/\/sarrigurenip.educacion.navarra.es\/web\/es\/almuerzos-saludables\/","title":{"rendered":"ALMUERZOS SALUDABLES"},"content":{"rendered":"\n<p>En las aulas de infantil los almuerzos est\u00e1n pautados con anterioridad. Tres d\u00edas almuerzan fruta, uno bocadillo y otro l\u00e1cteos y\/o galletas. El objetivo de esta decisi\u00f3n es que los almuerzos sean variados y saludables, de manera que proporcionen a los ni\u00f1os\/as la energ\u00eda que necesitan a lo largo de la ma\u00f1ana. Adem\u00e1s, el Gobierno de Navarra organiza cada a\u00f1o un programa de fruta en el que nuestro centro participa. Mediante este programa, las familias no tienen que preparar la fruta para los almuerzos, ya que nos traen al colegio diferentes opciones para repartir.<\/p>\n","protected":false},"excerpt":{"rendered":"<p>En las aulas de infantil los almuerzos est\u00e1n pautados con anterioridad. Tres d\u00edas almuerzan fruta, uno bocadillo y otro l\u00e1cteos y\/o galletas. El objetivo de esta decisi\u00f3n es que los almuerzos sean variados y saludables, de manera que proporcionen a los ni\u00f1os\/as la energ\u00eda que necesitan a lo largo de la ma\u00f1ana. Adem\u00e1s, el Gobierno [&hellip;]<\/p>\n","protected":false},"author":1,"featured_media":0,"parent":0,"menu_order":0,"comment_status":"closed","ping_status":"closed","template":"","meta":{"_genesis_hide_title":false,"_genesis_hide_breadcrumbs":false,"_genesis_hide_singular_image":false,"_genesis_hide_footer_widgets":false,"_genesis_custom_body_class":"","_genesis_custom_post_class":"","_genesis_layout":""},"_links":{"self":[{"href":"https:\/\/sarrigurenip.educacion.navarra.es\/web\/es\/wp-json\/wp\/v2\/pages\/1218"}],"collection":[{"href":"https:\/\/sarrigurenip.educacion.navarra.es\/web\/es\/wp-json\/wp\/v2\/pages"}],"about":[{"href":"https:\/\/sarrigurenip.educacion.navarra.es\/web\/es\/wp-json\/wp\/v2\/types\/page"}],"author":[{"embeddable":true,"href":"https:\/\/sarrigurenip.educacion.navarra.es\/web\/es\/wp-json\/wp\/v2\/users\/1"}],"replies":[{"embeddable":true,"href":"https:\/\/sarrigurenip.educacion.navarra.es\/web\/es\/wp-json\/wp\/v2\/comments?post=1218"}],"version-history":[{"count":1,"href":"https:\/\/sarrigurenip.educacion.navarra.es\/web\/es\/wp-json\/wp\/v2\/pages\/1218\/revisions"}],"predecessor-version":[{"id":1219,"href":"https:\/\/sarrigurenip.educacion.navarra.es\/web\/es\/wp-json\/wp\/v2\/pages\/1218\/revisions\/1219"}],"wp:attachment":[{"href":"https:\/\/sarrigurenip.educacion.navarra.es\/web\/es\/wp-json\/wp\/v2\/media?parent=1218"}],"curies":[{"name":"wp","href":"https:\/\/api.w.org\/{rel}","templated":true}]}}