{"id":1214,"date":"2020-04-29T10:17:04","date_gmt":"2020-04-29T08:17:04","guid":{"rendered":"https:\/\/sarrigurenip.educacion.navarra.es\/web\/?page_id=1214"},"modified":"2020-06-15T10:27:45","modified_gmt":"2020-06-15T08:27:45","slug":"natacion","status":"publish","type":"page","link":"https:\/\/sarrigurenip.educacion.navarra.es\/web\/es\/natacion\/","title":{"rendered":"NATACI\u00d3N"},"content":{"rendered":"\n<p>Esta actividad la realizan los alumnos\/as de 2\u00ba de primaria. Tienen una sesi\u00f3n de ordinaria de Educaci\u00f3n F\u00edsica a la semana y la otra la pasan en la piscina.<\/p>\n\n\n\n<p>La nataci\u00f3n est\u00e1 organizada los jueves y los ni\u00f1os\/as se acercan hasta el polideportivo de Sarriguren acompa\u00f1ados de su tutor\/a y un profesor\/a de apoyo. All\u00ed, realizan una actividad de media hora, bajo la supervisi\u00f3n de dos monitores\/as.<\/p>\n","protected":false},"excerpt":{"rendered":"<p>Esta actividad la realizan los alumnos\/as de 2\u00ba de primaria. Tienen una sesi\u00f3n de ordinaria de Educaci\u00f3n F\u00edsica a la semana y la otra la pasan en la piscina. La nataci\u00f3n est\u00e1 organizada los jueves y los ni\u00f1os\/as se acercan hasta el polideportivo de Sarriguren acompa\u00f1ados de su tutor\/a y un profesor\/a de apoyo. All\u00ed, [&hellip;]<\/p>\n","protected":false},"author":1,"featured_media":0,"parent":0,"menu_order":0,"comment_status":"closed","ping_status":"closed","template":"","meta":{"_genesis_hide_title":false,"_genesis_hide_breadcrumbs":false,"_genesis_hide_singular_image":false,"_genesis_hide_footer_widgets":false,"_genesis_custom_body_class":"","_genesis_custom_post_class":"","_genesis_layout":""},"_links":{"self":[{"href":"https:\/\/sarrigurenip.educacion.navarra.es\/web\/es\/wp-json\/wp\/v2\/pages\/1214"}],"collection":[{"href":"https:\/\/sarrigurenip.educacion.navarra.es\/web\/es\/wp-json\/wp\/v2\/pages"}],"about":[{"href":"https:\/\/sarrigurenip.educacion.navarra.es\/web\/es\/wp-json\/wp\/v2\/types\/page"}],"author":[{"embeddable":true,"href":"https:\/\/sarrigurenip.educacion.navarra.es\/web\/es\/wp-json\/wp\/v2\/users\/1"}],"replies":[{"embeddable":true,"href":"https:\/\/sarrigurenip.educacion.navarra.es\/web\/es\/wp-json\/wp\/v2\/comments?post=1214"}],"version-history":[{"count":1,"href":"https:\/\/sarrigurenip.educacion.navarra.es\/web\/es\/wp-json\/wp\/v2\/pages\/1214\/revisions"}],"predecessor-version":[{"id":1215,"href":"https:\/\/sarrigurenip.educacion.navarra.es\/web\/es\/wp-json\/wp\/v2\/pages\/1214\/revisions\/1215"}],"wp:attachment":[{"href":"https:\/\/sarrigurenip.educacion.navarra.es\/web\/es\/wp-json\/wp\/v2\/media?parent=1214"}],"curies":[{"name":"wp","href":"https:\/\/api.w.org\/{rel}","templated":true}]}}