{"id":1208,"date":"2020-04-29T10:12:35","date_gmt":"2020-04-29T08:12:35","guid":{"rendered":"https:\/\/sarrigurenip.educacion.navarra.es\/web\/?page_id=1208"},"modified":"2021-03-23T12:54:28","modified_gmt":"2021-03-23T11:54:28","slug":"tic","status":"publish","type":"page","link":"https:\/\/sarrigurenip.educacion.navarra.es\/web\/es\/tic\/","title":{"rendered":"COMPETENCIA DIGITAL"},"content":{"rendered":"\n<p><em>Hacia el desarrollo de la sociedad<\/em>        <\/p>\n\n\n\n<p>La sociedad de hoy est\u00e1 bajo la influencia de las nuevas tecnolog\u00edas, ya que se han convertido en herramienta imprescindible.<\/p>\n\n\n\n<p>Este es el equipamiento del que disponemos en nuestro centro:<\/p>\n\n\n\n<p>Todas las aulas de primaria est\u00e1n dotadas de una pizarra digital interactiva. Hay conexi\u00f3n a Internet por todo el centro y disponemos de un aula de inform\u00e1tica con 20 ordenadores.<\/p>\n\n\n\n<p>Adem\u00e1s, para el uso del alumnado de ciclos superiores, disponemos de 372 chromebooks. En las clases de 5\u00ba y 6\u00ba de Educaci\u00f3n Primaria cada alumno\/alumna tendr\u00e1 un chromebook para uso propio. Sin embargo en las clases de 3\u00ba y 4\u00ba, dispondr\u00e1n de 2 carros para cada 3 aulas (con 24 ordenadores cada uno), los cuales se pueden mover de una clase a otra.<\/p>\n\n\n\n<p>Para utilizarlo en las aulas de infantil, tenemos un bee-bot robot, el que se puede utilizar para trabajar la programaci\u00f3n y direccionalidad mediante c\u00f3digos.<\/p>\n","protected":false},"excerpt":{"rendered":"<p>Hacia el desarrollo de la sociedad La sociedad de hoy est\u00e1 bajo la influencia de las nuevas tecnolog\u00edas, ya que se han convertido en herramienta imprescindible. Este es el equipamiento del que disponemos en nuestro centro: Todas las aulas de primaria est\u00e1n dotadas de una pizarra digital interactiva. Hay conexi\u00f3n a Internet por todo el [&hellip;]<\/p>\n","protected":false},"author":1,"featured_media":1614,"parent":0,"menu_order":0,"comment_status":"closed","ping_status":"closed","template":"","meta":{"_genesis_hide_title":false,"_genesis_hide_breadcrumbs":false,"_genesis_hide_singular_image":false,"_genesis_hide_footer_widgets":false,"_genesis_custom_body_class":"","_genesis_custom_post_class":"","_genesis_layout":""},"_links":{"self":[{"href":"https:\/\/sarrigurenip.educacion.navarra.es\/web\/es\/wp-json\/wp\/v2\/pages\/1208"}],"collection":[{"href":"https:\/\/sarrigurenip.educacion.navarra.es\/web\/es\/wp-json\/wp\/v2\/pages"}],"about":[{"href":"https:\/\/sarrigurenip.educacion.navarra.es\/web\/es\/wp-json\/wp\/v2\/types\/page"}],"author":[{"embeddable":true,"href":"https:\/\/sarrigurenip.educacion.navarra.es\/web\/es\/wp-json\/wp\/v2\/users\/1"}],"replies":[{"embeddable":true,"href":"https:\/\/sarrigurenip.educacion.navarra.es\/web\/es\/wp-json\/wp\/v2\/comments?post=1208"}],"version-history":[{"count":9,"href":"https:\/\/sarrigurenip.educacion.navarra.es\/web\/es\/wp-json\/wp\/v2\/pages\/1208\/revisions"}],"predecessor-version":[{"id":2052,"href":"https:\/\/sarrigurenip.educacion.navarra.es\/web\/es\/wp-json\/wp\/v2\/pages\/1208\/revisions\/2052"}],"wp:featuredmedia":[{"embeddable":true,"href":"https:\/\/sarrigurenip.educacion.navarra.es\/web\/es\/wp-json\/wp\/v2\/media\/1614"}],"wp:attachment":[{"href":"https:\/\/sarrigurenip.educacion.navarra.es\/web\/es\/wp-json\/wp\/v2\/media?parent=1208"}],"curies":[{"name":"wp","href":"https:\/\/api.w.org\/{rel}","templated":true}]}}