{"id":1206,"date":"2020-04-29T10:11:11","date_gmt":"2020-04-29T08:11:11","guid":{"rendered":"https:\/\/sarrigurenip.educacion.navarra.es\/web\/?page_id=1206"},"modified":"2023-12-18T10:39:33","modified_gmt":"2023-12-18T09:39:33","slug":"festivales","status":"publish","type":"page","link":"https:\/\/sarrigurenip.educacion.navarra.es\/web\/es\/festivales\/","title":{"rendered":"FESTIVALES"},"content":{"rendered":"\n<p>Uno de los principales focos de nuestra escuela es la transmisi\u00f3n de la cultura vasca. Una forma de hacerlo es a trav\u00e9s de festivales. A lo largo del a\u00f1o escolar, organizamos varios festivales, algunos de los cuales tienen lugar por el pueblo, promoviendo la relaci\u00f3n entre la escuela y los vecinos\/as.<\/p>\n\n\n\n<p>Estos son los festivales que celebramos:<\/p>\n\n\n\n<ul><li>NAVIDAD: este festival se celebra a finales de diciembre. Alumando y profesorado ensayan canciones y sus coreograf\u00edas en las aulas para cantarlas en el patio entre todos. Adem\u00e1s, los alumnos\/as de los ciclos superiores salen por el pueblo para cantar estas canciones a sus vecinos\/as.<\/li><\/ul>\n\n\n\n<ul><li>SANTA \u00c1GUEDA:&nbsp; el 4 de febrero se celebra la v\u00edspera de Santa \u00c1gueda en Euskal Herria. Los alumnos\/as de ciclos superiores de nuestro centro salen a cantar por las calles del pueblo, recogiendo en una s\u00e1bana lo que familiares les ofrecen desde las ventanas de sus casas.<\/li><\/ul>\n\n\n\n<ul><li>CARNAVALES: despu\u00e9s de preparar los disfraces en clase durante los meses de febrero o marzo, celebramos esta colorida fiesta. La tem\u00e1tica de los disfraces cambia cada a\u00f1o: un curso nos disfrazamos de los personajes t\u00edpicos del carnaval rural de Navarra y al siguiente celebramos el Carnaval de Tolosa, donde cada clase elige un disfraz, acorde con el proyecto que est\u00e1n trabajando en ese momento. Despu\u00e9s de hacer un pasacalles por el pueblo, cada clase baila un baile preparado con antelaci\u00f3n.<\/li><\/ul>\n\n\n\n<ul><li>SARRIGURENEN KANTUZ: el mi\u00e9rcoles previo a las vacaciones de Semana Santa, salimos por las calles de Sarriguren a cantar, acompa\u00f1ados de un cancionero compuesto por canciones t\u00edpicas de Euskal Herria. De los ensayos que hacen con la profesora de m\u00fasica, los padres y madres est\u00e1n invitados al \u00faltimo, para que el d\u00eda de la fiesta canten con nosotros\/as.<\/li><\/ul>\n\n\n\n<div class=\"wp-block-columns\">\n<div class=\"wp-block-column\" style=\"flex-basis:5%\"><\/div>\n\n\n\n<div class=\"wp-block-column\">\n<p class=\"has-text-align-center\"><a href=\"https:\/\/docs.google.com\/document\/d\/1ibERpKBhDtqL2B4l5IW6yeAy541pyymsFiOEQoB5hu0\/edit?usp=sharing\"><a href=\"https:\/\/docs.google.com\/document\/d\/1ibERpKBhDtqL2B4l5IW6yeAy541pyymsFiOEQoB5hu0\/edit?usp=sharing\">Sarrigurenen Kantuzeko kantutegia<\/a><\/a><\/p>\n<\/div>\n<\/div>\n\n\n\n<ul><li>KORRIKA: cada dos a\u00f1os se celebra la fiesta de Korrika en Euskal Herria. Suele organizarse en el mes de abril. Nosotros organizamos una korrika txiki por las calles de Sarriguren, en la que todos los alumnos\/as del centro participan.<\/li><\/ul>\n\n\n\n<ul><li>CONCIERTO DE FIN DE CURSO: en los \u00faltimos d\u00edas de curso, organizamos un concierto en el que los alumnos\/as de primaria interpretan las canciones que han aprendido durante todo el curso. Los padres y madres est\u00e1n invitados a disfrutar del concierto.<\/li><\/ul>\n\n\n\n<ul><li>Alarde de txistularis j\u00f3venes: todos los a\u00f1os el 21 de junio, coincidiendo con el D\u00eda de la M\u00fasica, se celebra este alarde en la plaza del Ayuntamiento de Pamplona. En \u00e9l participan los alumnos\/as de txistu de las escuelas de Navarra y los alumnos\/as de Joakin Lizarraga (5\u00ba, 6\u00ba y ex-alumnos\/as de la ESO).<\/li><\/ul>\n","protected":false},"excerpt":{"rendered":"<p>Uno de los principales focos de nuestra escuela es la transmisi\u00f3n de la cultura vasca. Una forma de hacerlo es a trav\u00e9s de festivales. A lo largo del a\u00f1o escolar, organizamos varios festivales, algunos de los cuales tienen lugar por el pueblo, promoviendo la relaci\u00f3n entre la escuela y los vecinos\/as. Estos son los festivales [&hellip;]<\/p>\n","protected":false},"author":1,"featured_media":0,"parent":0,"menu_order":0,"comment_status":"closed","ping_status":"closed","template":"","meta":{"_genesis_hide_title":false,"_genesis_hide_breadcrumbs":false,"_genesis_hide_singular_image":false,"_genesis_hide_footer_widgets":false,"_genesis_custom_body_class":"","_genesis_custom_post_class":"","_genesis_layout":""},"_links":{"self":[{"href":"https:\/\/sarrigurenip.educacion.navarra.es\/web\/es\/wp-json\/wp\/v2\/pages\/1206"}],"collection":[{"href":"https:\/\/sarrigurenip.educacion.navarra.es\/web\/es\/wp-json\/wp\/v2\/pages"}],"about":[{"href":"https:\/\/sarrigurenip.educacion.navarra.es\/web\/es\/wp-json\/wp\/v2\/types\/page"}],"author":[{"embeddable":true,"href":"https:\/\/sarrigurenip.educacion.navarra.es\/web\/es\/wp-json\/wp\/v2\/users\/1"}],"replies":[{"embeddable":true,"href":"https:\/\/sarrigurenip.educacion.navarra.es\/web\/es\/wp-json\/wp\/v2\/comments?post=1206"}],"version-history":[{"count":3,"href":"https:\/\/sarrigurenip.educacion.navarra.es\/web\/es\/wp-json\/wp\/v2\/pages\/1206\/revisions"}],"predecessor-version":[{"id":2702,"href":"https:\/\/sarrigurenip.educacion.navarra.es\/web\/es\/wp-json\/wp\/v2\/pages\/1206\/revisions\/2702"}],"wp:attachment":[{"href":"https:\/\/sarrigurenip.educacion.navarra.es\/web\/es\/wp-json\/wp\/v2\/media?parent=1206"}],"curies":[{"name":"wp","href":"https:\/\/api.w.org\/{rel}","templated":true}]}}